{"id":1139,"date":"2023-11-30T02:42:13","date_gmt":"2023-11-30T01:42:13","guid":{"rendered":"https:\/\/instalaenergia.com\/?page_id=1139"},"modified":"2026-03-16T11:23:43","modified_gmt":"2026-03-16T10:23:43","slug":"legal-notice","status":"publish","type":"page","link":"https:\/\/instalaenergia.com\/en\/aviso-legal\/","title":{"rendered":"Legal Notice"},"content":{"rendered":"<p>The present <strong>LEGAL NOTICE<\/strong> regulates the rights and obligations of the <a href=\"https:\/\/instalaenergia.com\/en\/\"><strong>instalaenergia.com<\/strong><\/a> y de los usuarios, en relaci\u00f3n al acceso, navegaci\u00f3n y utilizaci\u00f3n de la presente web sin perjuicio de que instalaenergia.com se reserve el derecho a modificar, sin previo aviso, su contenido, siendo vigentes las que se encuentren publicadas en el momento de navegaci\u00f3n.<\/p>\n<p>By browsing, viewing and using this website you acquire the status of user, and therefore implies your express acceptance of all the clauses indicated in this Legal Notice, as well as the other warnings or specific clauses that are established in the different sections for the contracting, use of services, products, registrations, or sections of the Page.<\/p>\n<p>Therefore, if you do not accept the clauses set out in this Legal Notice, you must refrain from accessing and\/or using the services and\/or contents made available to you on the Site, and you must leave the Site.<\/p>\n<p><a href=\"https:\/\/instalaenergia.com\/en\/\"><strong>instalaenergia.com<\/strong><\/a> may terminate, suspend or interrupt, at any time without prior notice, access to the contents of the site, without the User being able to claim any compensation whatsoever. However, in the event of closure of the platform, an attempt will be made to refund any payments that have been made for annual subscriptions that have not been completed.<\/p>\n<p><strong>PERSONAL AND FISCAL INFORMATION OF THE PERSON RESPONSIBLE FOR THE WEBSITE<\/strong><br \/>\nIdentity of the Responsible: Juan Antonio Lajas bellanco<br \/>\nTrade name: Instala Energia<br \/>\nNIF\/CIF: 28957298E<br \/>\nE-mail: <a href=\"mailto:info@instalaenergia.com\">info@instalaenergia.com<\/a><br \/>\nTelephone: 653364067<br \/>\nFORM OF INCOME<br \/>\nLa web de **instalaenergia.com **es una p\u00e1gina corporativa que no genera de ingresos de forma online.<\/p>\n<p><strong>CHARACTERISTICS OF THE GOODS OR SERVICES<\/strong><br \/>\n-Renewable energies<br \/>\n-Solar Panels<br \/>\n-Photovoltaic aerothermics<br \/>\n-Air conditioning<br \/>\n-Electricity<br \/>\n-Biomass<\/p>\n<p><strong>TERMS OF USE<\/strong><br \/>\nIf you browse this website you tacitly accept the terms of use and privacy terms, as well as declaring that you have read the legal notice.<br \/>\nNeither this website nor its legal representatives are responsible for the content or the veracity of the privacy policies that third party services outside this website may have.<br \/>\nCopying or transcribing all or part of any text from this website for any use is expressly prohibited. The texts on this website are meant to be read only, please refrain from using them for any other purpose. It is expressly forbidden to copy or download images from this website.<br \/>\nHotlinking of the images on this website is not permitted. It is permitted to copy and use the HTML structures and CSS styles used on this website, as long as it is only partially and never the whole of the format, generating a website identical to this one. In the event of non-compliance with these conditions, we may be forced to take appropriate legal action.<\/p>","protected":false},"excerpt":{"rendered":"<p>El presente AVISO LEGAL regula los derechos y obligaciones del instalaenergia.com y de los usuarios, en relaci\u00f3n al acceso, navegaci\u00f3n y utilizaci\u00f3n de la presente web sin perjuicio de que [&hellip;]<\/p>\n","protected":false},"author":1,"featured_media":0,"parent":0,"menu_order":0,"comment_status":"closed","ping_status":"closed","template":"","meta":{"site-sidebar-layout":"default","site-content-layout":"","ast-site-content-layout":"default","site-content-style":"default","site-sidebar-style":"default","ast-global-header-display":"","ast-banner-title-visibility":"","ast-main-header-display":"","ast-hfb-above-header-display":"","ast-hfb-below-header-display":"","ast-hfb-mobile-header-display":"","site-post-title":"","ast-breadcrumbs-content":"","ast-featured-img":"","footer-sml-layout":"","ast-disable-related-posts":"","theme-transparent-header-meta":"default","adv-header-id-meta":"","stick-header-meta":"default","header-above-stick-meta":"","header-main-stick-meta":"","header-below-stick-meta":"","astra-migrate-meta-layouts":"set","ast-page-background-enabled":"default","ast-page-background-meta":{"desktop":{"background-color":"","background-image":"","background-repeat":"repeat","background-position":"center center","background-size":"auto","background-attachment":"scroll","background-type":"","background-media":"","overlay-type":"","overlay-color":"","overlay-opacity":"","overlay-gradient":""},"tablet":{"background-color":"","background-image":"","background-repeat":"repeat","background-position":"center center","background-size":"auto","background-attachment":"scroll","background-type":"","background-media":"","overlay-type":"","overlay-color":"","overlay-opacity":"","overlay-gradient":""},"mobile":{"background-color":"","background-image":"","background-repeat":"repeat","background-position":"center center","background-size":"auto","background-attachment":"scroll","background-type":"","background-media":"","overlay-type":"","overlay-color":"","overlay-opacity":"","overlay-gradient":""}},"ast-content-background-meta":{"desktop":{"background-color":"var(--ast-global-color-5)","background-image":"","background-repeat":"repeat","background-position":"center center","background-size":"auto","background-attachment":"scroll","background-type":"","background-media":"","overlay-type":"","overlay-color":"","overlay-opacity":"","overlay-gradient":""},"tablet":{"background-color":"var(--ast-global-color-5)","background-image":"","background-repeat":"repeat","background-position":"center center","background-size":"auto","background-attachment":"scroll","background-type":"","background-media":"","overlay-type":"","overlay-color":"","overlay-opacity":"","overlay-gradient":""},"mobile":{"background-color":"var(--ast-global-color-5)","background-image":"","background-repeat":"repeat","background-position":"center center","background-size":"auto","background-attachment":"scroll","background-type":"","background-media":"","overlay-type":"","overlay-color":"","overlay-opacity":"","overlay-gradient":""}},"footnotes":""},"class_list":["post-1139","page","type-page","status-publish","hentry"],"_links":{"self":[{"href":"https:\/\/instalaenergia.com\/en\/wp-json\/wp\/v2\/pages\/1139","targetHints":{"allow":["GET"]}}],"collection":[{"href":"https:\/\/instalaenergia.com\/en\/wp-json\/wp\/v2\/pages"}],"about":[{"href":"https:\/\/instalaenergia.com\/en\/wp-json\/wp\/v2\/types\/page"}],"author":[{"embeddable":true,"href":"https:\/\/instalaenergia.com\/en\/wp-json\/wp\/v2\/users\/1"}],"replies":[{"embeddable":true,"href":"https:\/\/instalaenergia.com\/en\/wp-json\/wp\/v2\/comments?post=1139"}],"version-history":[{"count":6,"href":"https:\/\/instalaenergia.com\/en\/wp-json\/wp\/v2\/pages\/1139\/revisions"}],"predecessor-version":[{"id":1400,"href":"https:\/\/instalaenergia.com\/en\/wp-json\/wp\/v2\/pages\/1139\/revisions\/1400"}],"wp:attachment":[{"href":"https:\/\/instalaenergia.com\/en\/wp-json\/wp\/v2\/media?parent=1139"}],"curies":[{"name":"wp","href":"https:\/\/api.w.org\/{rel}","templated":true}]}}